{"id":646,"date":"2021-02-10T10:16:54","date_gmt":"2021-02-10T10:16:54","guid":{"rendered":"https:\/\/test.stangrecki.com.pl\/?post_type=product&#038;p=646"},"modified":"2021-06-21T07:52:34","modified_gmt":"2021-06-21T07:52:34","slug":"aniol-wezousty","status":"publish","type":"product","link":"https:\/\/stangrecki.com.pl\/en\/produkt\/aniol-wezousty\/","title":{"rendered":"6. Anio\u0142 W\u0119\u017cousty"},"content":{"rendered":"<p>Material: silver 925<br \/>\nWeight: 615 g<br \/>\n<span class=\"VIiyi\" lang=\"en\"><span class=\"JLqJ4b ChMk0b\" data-language-for-alternatives=\"en\" data-language-to-translate-into=\"pl\" data-phrase-index=\"0\">Height with plinth<\/span><\/span>: 275 mm<br \/>\n<span class=\"VIiyi\" lang=\"en\"><span class=\"JLqJ4b ChMk0b\" data-language-for-alternatives=\"en\" data-language-to-translate-into=\"pl\" data-phrase-index=\"0\">Object height<\/span><\/span>: 260 mm<br \/>\n<span class=\"VIiyi\" lang=\"en\"><span class=\"JLqJ4b ChMk0b\" data-language-for-alternatives=\"en\" data-language-to-translate-into=\"pl\" data-phrase-index=\"2\">Width<\/span><\/span>: 400 mm<br \/>\n<span class=\"VIiyi\" lang=\"en\"><span class=\"JLqJ4b ChMk0b\" data-language-for-alternatives=\"en\" data-language-to-translate-into=\"pl\" data-phrase-index=\"4\">Depth<\/span><\/span>: 230 mm<\/p>\n<p>Do you want to order this object? CONTACT US <a href=\"mailto:art@stangrecki.com.pl\">art@stangrecki.com.pl<\/a><\/p>\n","protected":false},"excerpt":{"rendered":"<p>Material: silver 925<br \/>\nWeight: 615 g<br \/>\n<span class=\"VIiyi\" lang=\"en\"><span class=\"JLqJ4b ChMk0b\" data-language-for-alternatives=\"en\" data-language-to-translate-into=\"pl\" data-phrase-index=\"0\">Height with plinth<\/span><\/span>: 275 mm<br \/>\n<span class=\"VIiyi\" lang=\"en\"><span class=\"JLqJ4b ChMk0b\" data-language-for-alternatives=\"en\" data-language-to-translate-into=\"pl\" data-phrase-index=\"0\">Object height<\/span><\/span>: 260 mm<br \/>\n<span class=\"VIiyi\" lang=\"en\"><span class=\"JLqJ4b ChMk0b\" data-language-for-alternatives=\"en\" data-language-to-translate-into=\"pl\" data-phrase-index=\"2\">Width<\/span><\/span>: 400 mm<br \/>\n<span class=\"VIiyi\" lang=\"en\"><span class=\"JLqJ4b ChMk0b\" data-language-for-alternatives=\"en\" data-language-to-translate-into=\"pl\" data-phrase-index=\"4\">Depth<\/span><\/span>: 230 mm<\/p>\n<p>Do you want to order this object? CONTACT US <a href=\"mailto:art@stangrecki.com.pl\">art@stangrecki.com.pl<\/a><\/p>\n","protected":false},"featured_media":1183,"template":"","meta":{"_uag_custom_page_level_css":"","site-sidebar-layout":"default","site-content-layout":"default","ast-global-header-display":"","ast-main-header-display":"","ast-hfb-above-header-display":"","ast-hfb-below-header-display":"","ast-hfb-mobile-header-display":"","site-post-title":"","ast-breadcrumbs-content":"","ast-featured-img":"","footer-sml-layout":"","theme-transparent-header-meta":"default","adv-header-id-meta":"","stick-header-meta":"default","header-above-stick-meta":"","header-main-stick-meta":"","header-below-stick-meta":""},"featured_image_urls_v2":{"full":["https:\/\/stangrecki.com.pl\/en\/wp-content\/uploads\/2021\/02\/149303569_2059318477558518_5579096517614306782_n.jpg",2048,1366,false],"thumbnail":["https:\/\/stangrecki.com.pl\/en\/wp-content\/uploads\/2021\/02\/149303569_2059318477558518_5579096517614306782_n-150x150.jpg",150,150,true],"medium":["https:\/\/stangrecki.com.pl\/en\/wp-content\/uploads\/2021\/02\/149303569_2059318477558518_5579096517614306782_n-300x200.jpg",300,200,true],"medium_large":["https:\/\/stangrecki.com.pl\/en\/wp-content\/uploads\/2021\/02\/149303569_2059318477558518_5579096517614306782_n-768x512.jpg",768,512,true],"large":["https:\/\/stangrecki.com.pl\/en\/wp-content\/uploads\/2021\/02\/149303569_2059318477558518_5579096517614306782_n-1024x683.jpg",1024,683,true],"1536x1536":["https:\/\/stangrecki.com.pl\/en\/wp-content\/uploads\/2021\/02\/149303569_2059318477558518_5579096517614306782_n-1536x1025.jpg",1536,1025,true],"2048x2048":["https:\/\/stangrecki.com.pl\/en\/wp-content\/uploads\/2021\/02\/149303569_2059318477558518_5579096517614306782_n.jpg",2048,1366,false],"woocommerce_thumbnail":["https:\/\/stangrecki.com.pl\/en\/wp-content\/uploads\/2021\/02\/149303569_2059318477558518_5579096517614306782_n-300x300.jpg",300,300,true],"woocommerce_single":["https:\/\/stangrecki.com.pl\/en\/wp-content\/uploads\/2021\/02\/149303569_2059318477558518_5579096517614306782_n-600x400.jpg",600,400,true],"woocommerce_gallery_thumbnail":["https:\/\/stangrecki.com.pl\/en\/wp-content\/uploads\/2021\/02\/149303569_2059318477558518_5579096517614306782_n-100x100.jpg",100,100,true],"shop_catalog":["https:\/\/stangrecki.com.pl\/en\/wp-content\/uploads\/2021\/02\/149303569_2059318477558518_5579096517614306782_n-300x300.jpg",300,300,true],"shop_single":["https:\/\/stangrecki.com.pl\/en\/wp-content\/uploads\/2021\/02\/149303569_2059318477558518_5579096517614306782_n-600x400.jpg",600,400,true],"shop_thumbnail":["https:\/\/stangrecki.com.pl\/en\/wp-content\/uploads\/2021\/02\/149303569_2059318477558518_5579096517614306782_n-100x100.jpg",100,100,true]},"post_excerpt_stackable_v2":"<p>Material: silver 925<br \/>\nWeight: 615 g<br \/>\n<span class=\"VIiyi\" lang=\"en\"><span class=\"JLqJ4b ChMk0b\" data-language-for-alternatives=\"en\" data-language-to-translate-into=\"pl\" data-phrase-index=\"0\">Height with plinth<\/span><\/span>: 275 mm<br \/>\n<span class=\"VIiyi\" lang=\"en\"><span class=\"JLqJ4b ChMk0b\" data-language-for-alternatives=\"en\" data-language-to-translate-into=\"pl\" data-phrase-index=\"0\">Object height<\/span><\/span>: 260 mm<br \/>\n<span class=\"VIiyi\" lang=\"en\"><span class=\"JLqJ4b ChMk0b\" data-language-for-alternatives=\"en\" data-language-to-translate-into=\"pl\" data-phrase-index=\"2\">Width<\/span><\/span>: 400 mm<br \/>\n<span class=\"VIiyi\" lang=\"en\"><span class=\"JLqJ4b ChMk0b\" data-language-for-alternatives=\"en\" data-language-to-translate-into=\"pl\" data-phrase-index=\"4\">Depth<\/span><\/span>: 230 mm<\/p>\n<p>Do you want to order this object? CONTACT US <a href=\"mailto:art@stangrecki.com.pl\">art@stangrecki.com.pl<\/a><\/p>\n","category_list_v2":"","author_info_v2":{"name":"","url":""},"comments_num_v2":"0 comments","uagb_featured_image_src":{"full":["https:\/\/stangrecki.com.pl\/en\/wp-content\/uploads\/2021\/02\/149303569_2059318477558518_5579096517614306782_n.jpg",2048,1366,false],"thumbnail":["https:\/\/stangrecki.com.pl\/en\/wp-content\/uploads\/2021\/02\/149303569_2059318477558518_5579096517614306782_n-150x150.jpg",150,150,true],"medium":["https:\/\/stangrecki.com.pl\/en\/wp-content\/uploads\/2021\/02\/149303569_2059318477558518_5579096517614306782_n-300x200.jpg",300,200,true],"medium_large":["https:\/\/stangrecki.com.pl\/en\/wp-content\/uploads\/2021\/02\/149303569_2059318477558518_5579096517614306782_n-768x512.jpg",768,512,true],"large":["https:\/\/stangrecki.com.pl\/en\/wp-content\/uploads\/2021\/02\/149303569_2059318477558518_5579096517614306782_n-1024x683.jpg",1024,683,true],"1536x1536":["https:\/\/stangrecki.com.pl\/en\/wp-content\/uploads\/2021\/02\/149303569_2059318477558518_5579096517614306782_n-1536x1025.jpg",1536,1025,true],"2048x2048":["https:\/\/stangrecki.com.pl\/en\/wp-content\/uploads\/2021\/02\/149303569_2059318477558518_5579096517614306782_n.jpg",2048,1366,false],"woocommerce_thumbnail":["https:\/\/stangrecki.com.pl\/en\/wp-content\/uploads\/2021\/02\/149303569_2059318477558518_5579096517614306782_n-300x300.jpg",300,300,true],"woocommerce_single":["https:\/\/stangrecki.com.pl\/en\/wp-content\/uploads\/2021\/02\/149303569_2059318477558518_5579096517614306782_n-600x400.jpg",600,400,true],"woocommerce_gallery_thumbnail":["https:\/\/stangrecki.com.pl\/en\/wp-content\/uploads\/2021\/02\/149303569_2059318477558518_5579096517614306782_n-100x100.jpg",100,100,true],"shop_catalog":["https:\/\/stangrecki.com.pl\/en\/wp-content\/uploads\/2021\/02\/149303569_2059318477558518_5579096517614306782_n-300x300.jpg",300,300,true],"shop_single":["https:\/\/stangrecki.com.pl\/en\/wp-content\/uploads\/2021\/02\/149303569_2059318477558518_5579096517614306782_n-600x400.jpg",600,400,true],"shop_thumbnail":["https:\/\/stangrecki.com.pl\/en\/wp-content\/uploads\/2021\/02\/149303569_2059318477558518_5579096517614306782_n-100x100.jpg",100,100,true]},"uagb_author_info":{"display_name":"PracowniaPZ","author_link":"https:\/\/stangrecki.com.pl\/en\/author\/"},"uagb_comment_info":0,"uagb_excerpt":"Material: silver 925 Weight: 615 g Height with plinth: 275 mm Object height: 260 mm Width: 400 mm Depth: 230 mm Do you want to order this object? CONTACT US art@stangrecki.com.pl","_links":{"self":[{"href":"https:\/\/stangrecki.com.pl\/en\/wp-json\/wp\/v2\/product\/646"}],"collection":[{"href":"https:\/\/stangrecki.com.pl\/en\/wp-json\/wp\/v2\/product"}],"about":[{"href":"https:\/\/stangrecki.com.pl\/en\/wp-json\/wp\/v2\/types\/product"}],"wp:featuredmedia":[{"embeddable":true,"href":"https:\/\/stangrecki.com.pl\/en\/wp-json\/wp\/v2\/media\/1183"}],"wp:attachment":[{"href":"https:\/\/stangrecki.com.pl\/en\/wp-json\/wp\/v2\/media?parent=646"}],"curies":[{"name":"wp","href":"https:\/\/api.w.org\/{rel}","templated":true}]}}