{"id":1535,"date":"2021-05-23T11:30:12","date_gmt":"2021-05-23T11:30:12","guid":{"rendered":"https:\/\/stangrecki.com.pl\/en\/?page_id=1535"},"modified":"2025-11-14T12:58:15","modified_gmt":"2025-11-14T12:58:15","slug":"bio","status":"publish","type":"page","link":"https:\/\/stangrecki.com.pl\/en\/bio\/","title":{"rendered":"Bio"},"content":{"rendered":"\n<div class=\"wp-block-getwid-section alignfull alignfull getwid-section-content-full-width\"><div class=\"wp-block-getwid-section__wrapper getwid-padding-left-medium getwid-padding-right-medium getwid-align-items-flex-start\"><div class=\"wp-block-getwid-section__inner-wrapper\"><div class=\"wp-block-getwid-section__background-holder\"><div class=\"wp-block-getwid-section__background\"><\/div><div class=\"wp-block-getwid-section__foreground\"><\/div><\/div><div class=\"wp-block-getwid-section__content\"><div class=\"wp-block-getwid-section__inner-content\">\n<figure class=\"wp-block-image alignleft size-full is-resized\"><img decoding=\"async\" loading=\"lazy\" src=\"https:\/\/stangrecki.com.pl\/en\/wp-content\/uploads\/2021\/05\/stangrecki_.jpg\" alt=\"\" class=\"wp-image-1495\" width=\"594\" height=\"1074\" \/><\/figure>\n\n\n\n<p class=\"has-white-color has-text-color has-large-font-size\"><strong>TOMASZ STANGRECKI<\/strong><\/p>\n\n\n\n<div class=\"wp-block-getwid-advanced-spacer\" style=\"height:20px\" aria-hidden=\"true\"><\/div>\n\n\n\n<p>1985-1988&nbsp;Academy of Fine Arts in Krakow (Katowice Campus),&nbsp;<br>1988 \u2013 1993 Academy of Fine Arts, Nuremberg and<br>&nbsp;&nbsp;&nbsp;&nbsp;&nbsp;&nbsp;&nbsp;&nbsp;&nbsp;&nbsp;&nbsp;&nbsp;&nbsp;&nbsp;&nbsp;&nbsp;&nbsp;&nbsp;&nbsp;&nbsp;&nbsp;Academy of Fine Arts,&nbsp;&nbsp;Munich<br><\/p>\n\n\n\n<p>During his long professional career, his art has crystallized around two paths \u2013&nbsp;<\/p>\n\n\n\n<p>The first path comprise his collaborations with other people and institutions<\/p>\n\n\n\n<p><em>2000-2010 &#8211;&nbsp;&nbsp;he collaborated with the playwright and director Ingmar Villqist as a set designer and assistant director in the following performances: Helver&#8217;s Night, Anaerobes, Oscar and Ruth, and The Case of the City of Ellmit<br>2005 \u2013&nbsp;&nbsp;he was the set designer and director&#8217;s assistant in Piotr Szmitke\u2019s opera The Hysterical Museum of Mme Eurosis, performed at the Silesian Opera in Bytom<br>2005 \u2013 he worked as second set designer and production manager for the full-length feature film Helmucik<br>2010 \u2013\u2013 he worked as second set designer and production manager for the full-length feature film&nbsp;&nbsp;\u201cEwa\u201d, in which he also made his acting debut<br>2011 \u2013 He collaborated with the cinematographer Adam Sikora &#8211; test shooting for the film Mill and Cross directed by Lech Majewski<br>2021 \u2013 member of the Association of Polish Artists and Designers2021 \u2013 member of Programme Committee of the Goldsmithing Artists&#8217; Association<\/em><\/p>\n\n\n\n<p>In the second path of his career has concentrated on his own individual works of sculpture, drawings, paintings, spatial, functional and advertising designs, as well as art jewellery. Currently, his principal creative focus is artwork based on silver and precious metals &#8211; micro-sculptures, three-dimensional bas-reliefs where form is subordinate to function &#8211;&nbsp;&nbsp;in which he alludes to archetypes and anthropological symbols from our cultural past.&nbsp;<\/p>\n\n\n\n<p>His fascination with amber:<\/p>\n\n\n\n<p><em>2002-2004 \u2013 in collaboration with Andrzej Urbanowicz, Art Gallery in Katowice &#8211; Hotel Warszawa<br>2005 \u00a0&#8211; An exhibition of his art jewellery organized in\u00a0\u00a0the Upper Silesian Museum in Bytom<br>2019 \u2013 2021 \u00a0\u2013 \u2018Other Worlds\u2019 \u2013 an exhibition of his silver sculpture on show in Sopot, Krakow and Warsaw.\u00a0<br>2021 \u2013 2022 &#8211;\u00a0\u00a0He took part in the Amberif Design AWARD competition and the Amberif\u00a0fair<br>2022 \u2013 He took part in the DOTYK competition and his work featured in the post-competition exhibition organized as part the Legnica Jewellery Festival Silver.<br>2022 \u2013 LOOK AT exhibition\u2026 organized as part of the Legnica Jewellery Festival Silver.\u00a0<br>2022 \u2013 TRENDBOOK 2022 \u2013 a publication featuring art works and an exhibition in the Amber Museum in Gdansk.<br>2022 \u2013 Fashion and Amber Jewellery Show in collaboration with Joanna Weyna PUDU and Dorota Cenecka \u2013 Gin Atelier\u00a0<br>2022 \u2013\u00a0\u00a0Exhibition &#8211; \u201cIn an Amber Frame\u201d &#8211; held in Mi\u0119dzyzdroje as part of the Festival of Stars\u00a0<br>2022 \u2013 Milano Jewellery Week \u00a0&#8211; exhibition organized as part of the \u2018WATER-EARTH-WIND-FIRE\u201d scenario<br>2023 \u2013 Exhibition &#8211;\u00a0\u00a0\u201cIn an Amber Frame\u201d &#8211; in the Natural History Museum in Krakow\u00a0<\/em><br>2023 <em>\u2013 Exhibition &#8211;\u00a0\u00a0\u201cBaltic Amber &#8211; in search of the form\u201d &#8211; <\/em>Mielno &#8211; Ch\u0142opy<em>\u00a0<\/em><br>2023 &#8211; Baltic Amber Treasure of the Bay of Gda\u0144sk &#8211; Exhibition Mi\u0119dzynarodowe Targi Pozna\u0144skie<br>2023 &#8211; KuKuNa Atelier Wuppertal ( Niemcy )<br>2024 &#8211; <strong>Inhorgenta Munich Fair\u00a0<\/strong>&#8211; Jubilee 50th edition &#8211; exhibition &#8220;In an Amber Frame&#8221;<br>2024\u00a0&#8211; AMBERIF Gda\u0144sk exhibition STFZ &#8211; &#8220;In an Amber Frame&#8221; \u00a0<br>2024 &#8211; Exhibition at the National Museum Tianjin \u00a0(China) <br>2024 &#8211;\u00a0Puck\u00a0<br>2024 &#8211;\u00a0\u0141eba &#8211; &#8220;In an Amber Frame&#8221;<br>2024 &#8211;\u00a0Museum of Jaroslawiec<br>2024 &#8211; Sheraton SOPOT AMBER &amp; OTHER WORLDS &#8211; solo exhibition Sheraton Sopot Hotel &amp; Bator Art Gallery\u00a0<br>2024 &#8211; New York Jewelry Week &#8211; DISCOVER<br>2024 &#8211; 21. Warsaw Art Fair<br>2025 &#8211; Paris \u00a0&#8211; Le Salon societe des artists fran\u00e7ais &#8211; exhibition\u00a0<br>2025 &#8211; Museum of Amber in Gda\u0144sk &#8211; post-competition exhibition BROKEN \/ PRZE\u0141AMANE\u00a0<br>2025 &#8211; AMBERIF &#8211; exhibition STFZ<br>2025 &#8211; Bator Gallery\u00a0Szczyrk \u00a0&#8211; exhibition of works after the Paris Salon \u00a0<br>2025 &#8211; NATURE &#8211; \u00a0exhibition Jastarnia\u00a0<br>2025 &#8211; VINTAGE &#8211; exhibition at the Krokowa Castle\u00a0<br>2025 &#8211; BROKEN &#8211; Krokowa Castle\u00a0<br>2025 &#8211; ECHOES of AMBER &#8211; \u00a0exhibition at the opening of the headquarters of the International Amber Association &#8211; Gdansk\u00a0<br>2025 &#8211; Milano Jewelry Week &#8211; Mediolan<br>2025 &#8211; BROKEN &#8211; exhibition in Warsaw<br>2025 &#8211; GAZING INTO TIME &#8211; exhibition in Henan Museum, China<br>2025 &#8211; Exhibition\u00a0KuKuNa Atelier &#8211;\u00a0Wuppertal\u00a0<br>2025 &#8211; BROKEN\u00a0&#8211;\u00a0CONTEMPORARY JEWELRY GALLERY Centrum Praskie KONSESER &#8211; Warsaw<\/p>\n\n\n\n<p>AMBER and other worlds &#8211; the latest collection shows the beauty of Baltic amber, which harmonizes perfectly with raw silver forms. Several dozen&nbsp;of&nbsp;exhibitions in Poland and around the world perfectly illustrate this work.<br><br>Jewelry by Tomasz Stangrecki &#8211; It does not evoke associations strictly with jewelry &#8211; in the commonly accepted sense of the word &#8211; smooth, shiny decorations. It can be more appropriately called&nbsp;<strong>anti-jewelry<\/strong>, or micro sculptures with the function of jewelry with brutalist, raw forms.<br>Creative searches take place in the field of FORM &#8211; or its absence&nbsp;&nbsp;(inspired by the art of Henry Moore &#8211; form is also there where it seemingly does not exist), SPACE, ARCHITECTURE, FACTOR &#8211; or its absence&#8230;<br>The artist now allows himself to look for and choose CONTIGENCY in art (not randomness). Each work is one-time, unique,&nbsp;special&nbsp;and is a kind of personal AMULET for both the Creator and the Recipient.<br>Inspirations and fascinations &#8211; biomorphic shapes, modern and Bauhaus architecture, prehistoric art &#8211; hence the impression as if the objects were artifacts obtained from archaeological excavations with typical maceration, or referred to the rock engravings of Altamira or Lascaux.<\/p>\n\n\n\n<p>MORE:<br>FB Stangrecki Sztuka<br>INSTA Stangrecki_sztuka<\/p>\n\n\n\n<p><\/p>\n<\/div><\/div><\/div><\/div><\/div>\n","protected":false},"excerpt":{"rendered":"","protected":false},"author":1,"featured_media":0,"parent":0,"menu_order":0,"comment_status":"closed","ping_status":"closed","template":"","meta":{"_uag_custom_page_level_css":"","site-sidebar-layout":"default","site-content-layout":"default","ast-global-header-display":"","ast-main-header-display":"","ast-hfb-above-header-display":"","ast-hfb-below-header-display":"","ast-hfb-mobile-header-display":"","site-post-title":"","ast-breadcrumbs-content":"","ast-featured-img":"","footer-sml-layout":"","theme-transparent-header-meta":"default","adv-header-id-meta":"","stick-header-meta":"default","header-above-stick-meta":"","header-main-stick-meta":"","header-below-stick-meta":""},"featured_image_urls_v2":{"full":"","thumbnail":"","medium":"","medium_large":"","large":"","1536x1536":"","2048x2048":"","woocommerce_thumbnail":"","woocommerce_single":"","woocommerce_gallery_thumbnail":"","shop_catalog":"","shop_single":"","shop_thumbnail":""},"post_excerpt_stackable_v2":"<p>TOMASZ STANGRECKI 1985-1988&nbsp;Academy of Fine Arts in Krakow (Katowice Campus),&nbsp;1988 \u2013 1993 Academy of Fine Arts, Nuremberg and&nbsp;&nbsp;&nbsp;&nbsp;&nbsp;&nbsp;&nbsp;&nbsp;&nbsp;&nbsp;&nbsp;&nbsp;&nbsp;&nbsp;&nbsp;&nbsp;&nbsp;&nbsp;&nbsp;&nbsp;&nbsp;Academy of Fine Arts,&nbsp;&nbsp;Munich During his long professional career, his art has crystallized around two paths \u2013&nbsp; The first path comprise his collaborations with other people and institutions 2000-2010 &#8211;&nbsp;&nbsp;he collaborated with the playwright and director Ingmar Villqist as a set designer and assistant director in the following performances: Helver&#8217;s Night, Anaerobes, Oscar and Ruth, and The Case of the City of Ellmit2005 \u2013&nbsp;&nbsp;he was the set designer and director&#8217;s assistant in Piotr Szmitke\u2019s opera The Hysterical Museum of Mme Eurosis, performed at&hellip;<\/p>\n","category_list_v2":"","author_info_v2":{"name":"admin-wp-paa","url":"https:\/\/stangrecki.com.pl\/en\/author\/admin-wp-paa\/"},"comments_num_v2":"0 comments","uagb_featured_image_src":{"full":false,"thumbnail":false,"medium":false,"medium_large":false,"large":false,"1536x1536":false,"2048x2048":false,"woocommerce_thumbnail":false,"woocommerce_single":false,"woocommerce_gallery_thumbnail":false,"shop_catalog":false,"shop_single":false,"shop_thumbnail":false},"uagb_author_info":{"display_name":"admin-wp-paa","author_link":"https:\/\/stangrecki.com.pl\/en\/author\/admin-wp-paa\/"},"uagb_comment_info":0,"uagb_excerpt":null,"_links":{"self":[{"href":"https:\/\/stangrecki.com.pl\/en\/wp-json\/wp\/v2\/pages\/1535"}],"collection":[{"href":"https:\/\/stangrecki.com.pl\/en\/wp-json\/wp\/v2\/pages"}],"about":[{"href":"https:\/\/stangrecki.com.pl\/en\/wp-json\/wp\/v2\/types\/page"}],"author":[{"embeddable":true,"href":"https:\/\/stangrecki.com.pl\/en\/wp-json\/wp\/v2\/users\/1"}],"replies":[{"embeddable":true,"href":"https:\/\/stangrecki.com.pl\/en\/wp-json\/wp\/v2\/comments?post=1535"}],"version-history":[{"count":21,"href":"https:\/\/stangrecki.com.pl\/en\/wp-json\/wp\/v2\/pages\/1535\/revisions"}],"predecessor-version":[{"id":2933,"href":"https:\/\/stangrecki.com.pl\/en\/wp-json\/wp\/v2\/pages\/1535\/revisions\/2933"}],"wp:attachment":[{"href":"https:\/\/stangrecki.com.pl\/en\/wp-json\/wp\/v2\/media?parent=1535"}],"curies":[{"name":"wp","href":"https:\/\/api.w.org\/{rel}","templated":true}]}}