{"id":1291,"date":"2021-05-13T06:18:34","date_gmt":"2021-05-13T06:18:34","guid":{"rendered":"https:\/\/test.stangrecki.com.pl\/?page_id=1291"},"modified":"2025-11-14T12:58:21","modified_gmt":"2025-11-14T12:58:21","slug":"exhibitions","status":"publish","type":"page","link":"https:\/\/stangrecki.com.pl\/en\/exposures\/exhibitions\/","title":{"rendered":"Exhibitions"},"content":{"rendered":"\n<p><em>2002-2004 \u2013 in collaboration with Andrzej Urbanowicz, Art Gallery in Katowice &#8211; Hotel Warszawa<br>2005 \u00a0&#8211; An exhibition of his art jewellery organized in\u00a0\u00a0the Upper Silesian Museum in Bytom<br>2019 \u2013 2021 \u00a0\u2013 \u2018Other Worlds\u2019 \u2013 an exhibition of his silver sculpture on show in Sopot, Krakow and Warsaw.\u00a0<br>2021 \u2013 2022 &#8211;\u00a0\u00a0He took part in the Amberif Design AWARD competition and the Amberif\u00a0fair<br>2022 \u2013 He took part in the DOTYK competition and his work featured in the post-competition exhibition organized as part the Legnica Jewellery Festival Silver.<br>2022 \u2013 LOOK AT exhibition\u2026 organized as part of the Legnica Jewellery Festival Silver.\u00a0<br>2022 \u2013 TRENDBOOK 2022 \u2013 a publication featuring art works and an exhibition in the Amber Museum in Gdansk.<br>2022 \u2013 Fashion and Amber Jewellery Show in collaboration with Joanna Weyna PUDU and Dorota Cenecka \u2013 Gin Atelier\u00a0<br>2022 \u2013\u00a0\u00a0Exhibition &#8211; \u201cIn an Amber Frame\u201d &#8211; held in Mi\u0119dzyzdroje as part of the Festival of Stars\u00a0<br>2022 \u2013 Milano Jewellery Week \u00a0&#8211; exhibition organized as part of the \u2018WATER-EARTH-WIND-FIRE\u201d scenario<br>2023 \u2013 Exhibition &#8211;\u00a0\u00a0\u201cIn an Amber Frame\u201d &#8211; in the Natural History Museum in Krakow\u00a0<\/em><br>2023 <em>\u2013 Exhibition &#8211;\u00a0\u00a0\u201cBaltic Amber &#8211; in search of the form\u201d &#8211; <\/em>Mielno &#8211; Ch\u0142opy<em>\u00a0<\/em><br>2023 &#8211; Baltic Amber Treasure of the Bay of Gda\u0144sk &#8211; Exhibition Mi\u0119dzynarodowe Targi Pozna\u0144skie<br>2023 &#8211; KuKuNa Atelier Wuppertal ( Niemcy )<br>2024 &#8211; <strong>Inhorgenta Munich Fair\u00a0<\/strong>&#8211; Jubilee 50th edition &#8211; exhibition &#8220;In an Amber Frame&#8221;<br>2024\u00a0&#8211; AMBERIF Gda\u0144sk exhibition STFZ &#8211; &#8220;In an Amber Frame&#8221; \u00a0<br>2024 &#8211; Exhibition at the National Museum Tianjin \u00a0(China) <br>2024 &#8211;\u00a0Puck\u00a0<br>2024 &#8211;\u00a0\u0141eba &#8211; &#8220;In an Amber Frame&#8221;<br>2024 &#8211;\u00a0Museum of Jaroslawiec<br>2024 &#8211; Sheraton SOPOT AMBER &amp; OTHER WORLDS &#8211; solo exhibition Sheraton Sopot Hotel &amp; Bator Art Gallery\u00a0<br>2024 &#8211; New York Jewelry Week &#8211; DISCOVER<br>2024 &#8211; 21. Warsaw Art Fair<br>2025 &#8211; Paris \u00a0&#8211; Le Salon societe des artists fran\u00e7ais &#8211; exhibition\u00a0<br>2025 &#8211; Museum of Amber in Gda\u0144sk &#8211; post-competition exhibition BROKEN \/ PRZE\u0141AMANE\u00a0<br>2025 &#8211; AMBERIF &#8211; exhibition STFZ<br>2025 &#8211; Bator Gallery\u00a0Szczyrk \u00a0&#8211; exhibition of works after the Paris Salon \u00a0<br>2025 &#8211; NATURE &#8211; \u00a0exhibition Jastarnia\u00a0<br>2025 &#8211; VINTAGE &#8211; exhibition at the Krokowa Castle\u00a0<br>2025 &#8211; BROKEN &#8211; Krokowa Castle\u00a0<br>2025 &#8211; ECHOES of AMBER &#8211; \u00a0exhibition at the opening of the headquarters of the International Amber Association &#8211; Gdansk\u00a0<br>2025 &#8211; Milano Jewelry Week &#8211; Mediolan<br>2025 &#8211; BROKEN &#8211; exhibition in Warsaw<br>2025 &#8211; GAZING INTO TIME &#8211; exhibition in Henan Museum, China<br>2025 &#8211; Exhibition\u00a0KuKuNa Atelier &#8211;\u00a0Wuppertal\u00a0<br>2025 &#8211; BROKEN\u00a0&#8211;\u00a0CONTEMPORARY JEWELRY GALLERY Centrum Praskie KONSESER &#8211; Warsaw<\/p>\n\n\n\n<p><\/p>\n\n\n\n<section class=\"wp-block-uagb-columns uagb-columns__wrap uagb-columns__background-none uagb-columns__stack-mobile uagb-columns__valign- uagb-columns__gap-30 align uagb-block-df87d98e uagb-columns__columns-3 uagb-columns__max_width-theme\"><div class=\"uagb-columns__overlay\"><\/div><div class=\"uagb-columns__inner-wrap uagb-columns__columns-3\">\n<div class=\"wp-block-uagb-column uagb-column__wrap uagb-column__background-undefined uagb-block-c5a9a9b0\"><div class=\"uagb-column__overlay\"><\/div>\n<p class=\"has-text-align-center\"><strong>Muzeum G\u00f3rno\u015bl\u0105skie Bytom 2015<\/strong><\/p>\n\n\n\n<figure class=\"wp-block-image size-large\"><a href=\"https:\/\/stangrecki.com.pl\/en\/exposures\/exhibitions\/muzeum-gornoslaskie-bytom-2015\/\"><img decoding=\"async\" loading=\"lazy\" width=\"800\" height=\"600\" src=\"https:\/\/test.stangrecki.com.pl\/wp-content\/uploads\/2021\/05\/bytom-.jpg\" alt=\"\" class=\"wp-image-1252\" srcset=\"https:\/\/stangrecki.com.pl\/en\/wp-content\/uploads\/2021\/05\/bytom-.jpg 800w, https:\/\/stangrecki.com.pl\/en\/wp-content\/uploads\/2021\/05\/bytom--300x225.jpg 300w, https:\/\/stangrecki.com.pl\/en\/wp-content\/uploads\/2021\/05\/bytom--768x576.jpg 768w, https:\/\/stangrecki.com.pl\/en\/wp-content\/uploads\/2021\/05\/bytom--600x450.jpg 600w\" sizes=\"(max-width: 800px) 100vw, 800px\" \/><\/a><\/figure>\n<\/div>\n\n\n\n<div class=\"wp-block-uagb-column uagb-column__wrap uagb-column__background-undefined uagb-block-d0b71f2f\"><div class=\"uagb-column__overlay\"><\/div>\n<p class=\"has-text-align-center\"><strong>Sheraton Sopot Hotel 2019<\/strong><\/p>\n\n\n\n<figure class=\"wp-block-image size-large\"><a href=\"https:\/\/stangrecki.com.pl\/en\/exposures\/exhibitions\/sheraton-sopot-hotel-2019\/\"><img decoding=\"async\" loading=\"lazy\" width=\"800\" height=\"600\" src=\"https:\/\/test.stangrecki.com.pl\/wp-content\/uploads\/2021\/05\/sopot9.jpeg\" alt=\"\" class=\"wp-image-1292\" srcset=\"https:\/\/stangrecki.com.pl\/en\/wp-content\/uploads\/2021\/05\/sopot9.jpeg 800w, https:\/\/stangrecki.com.pl\/en\/wp-content\/uploads\/2021\/05\/sopot9-300x225.jpeg 300w, https:\/\/stangrecki.com.pl\/en\/wp-content\/uploads\/2021\/05\/sopot9-768x576.jpeg 768w, https:\/\/stangrecki.com.pl\/en\/wp-content\/uploads\/2021\/05\/sopot9-600x450.jpeg 600w\" sizes=\"(max-width: 800px) 100vw, 800px\" \/><\/a><\/figure>\n<\/div>\n\n\n\n<div class=\"wp-block-uagb-column uagb-column__wrap uagb-column__background-undefined uagb-block-1eddb1ea\"><div class=\"uagb-column__overlay\"><\/div>\n<p class=\"has-text-align-center\"><strong>Double Tree by Hilton Krak\u00f3w 2019<\/strong><\/p>\n\n\n\n<figure class=\"wp-block-image size-large\"><a href=\"https:\/\/stangrecki.com.pl\/en\/exposures\/exhibitions\/double-tree-by-hilton-krakow-2019\/\"><img decoding=\"async\" loading=\"lazy\" width=\"800\" height=\"600\" src=\"https:\/\/test.stangrecki.com.pl\/wp-content\/uploads\/2021\/05\/krak3.jpg\" alt=\"\" class=\"wp-image-1293\" srcset=\"https:\/\/stangrecki.com.pl\/en\/wp-content\/uploads\/2021\/05\/krak3.jpg 800w, https:\/\/stangrecki.com.pl\/en\/wp-content\/uploads\/2021\/05\/krak3-300x225.jpg 300w, https:\/\/stangrecki.com.pl\/en\/wp-content\/uploads\/2021\/05\/krak3-768x576.jpg 768w, https:\/\/stangrecki.com.pl\/en\/wp-content\/uploads\/2021\/05\/krak3-600x450.jpg 600w\" sizes=\"(max-width: 800px) 100vw, 800px\" \/><\/a><\/figure>\n<\/div>\n<\/div><\/section>\n","protected":false},"excerpt":{"rendered":"<p>2002-2004 \u2013 in collaboration with Andrzej Urbanowicz, Art Gallery in Katowice &#8211; Hotel Warszawa2005 \u00a0&#8211; An exhibition of his art jewellery organized in\u00a0\u00a0the Upper Silesian Museum in Bytom2019 \u2013 2021 \u00a0\u2013 \u2018Other Worlds\u2019 \u2013 an exhibition of his silver sculpture on show in Sopot, Krakow and Warsaw.\u00a02021 \u2013 2022 &#8211;\u00a0\u00a0He took part in the Amberif &hellip;<\/p>\n<p class=\"read-more\"> <a class=\"\" href=\"https:\/\/stangrecki.com.pl\/en\/exposures\/exhibitions\/\"> <span class=\"screen-reader-text\">Exhibitions<\/span> Read More &raquo;<\/a><\/p>\n","protected":false},"author":1,"featured_media":0,"parent":1236,"menu_order":0,"comment_status":"closed","ping_status":"closed","template":"","meta":{"_uag_custom_page_level_css":"","site-sidebar-layout":"default","site-content-layout":"default","ast-global-header-display":"","ast-main-header-display":"","ast-hfb-above-header-display":"","ast-hfb-below-header-display":"","ast-hfb-mobile-header-display":"","site-post-title":"","ast-breadcrumbs-content":"","ast-featured-img":"","footer-sml-layout":"","theme-transparent-header-meta":"default","adv-header-id-meta":"","stick-header-meta":"default","header-above-stick-meta":"","header-main-stick-meta":"","header-below-stick-meta":""},"featured_image_urls_v2":{"full":"","thumbnail":"","medium":"","medium_large":"","large":"","1536x1536":"","2048x2048":"","woocommerce_thumbnail":"","woocommerce_single":"","woocommerce_gallery_thumbnail":"","shop_catalog":"","shop_single":"","shop_thumbnail":""},"post_excerpt_stackable_v2":"<p>2002-2004 \u2013 in collaboration with Andrzej Urbanowicz, Art Gallery in Katowice &#8211; Hotel Warszawa2005 \u00a0&#8211; An exhibition of his art jewellery organized in\u00a0\u00a0the Upper Silesian Museum in Bytom2019 \u2013 2021 \u00a0\u2013 \u2018Other Worlds\u2019 \u2013 an exhibition of his silver sculpture on show in Sopot, Krakow and Warsaw.\u00a02021 \u2013 2022 &#8211;\u00a0\u00a0He took part in the Amberif Design AWARD competition and the Amberif\u00a0fair2022 \u2013 He took part in the DOTYK competition and his work featured in the post-competition exhibition organized as part the Legnica Jewellery Festival Silver.2022 \u2013 LOOK AT exhibition\u2026 organized as part of the Legnica Jewellery Festival Silver.\u00a02022 \u2013 TRENDBOOK&hellip;<\/p>\n","category_list_v2":"","author_info_v2":{"name":"admin-wp-paa","url":"https:\/\/stangrecki.com.pl\/en\/author\/admin-wp-paa\/"},"comments_num_v2":"0 comments","uagb_featured_image_src":{"full":false,"thumbnail":false,"medium":false,"medium_large":false,"large":false,"1536x1536":false,"2048x2048":false,"woocommerce_thumbnail":false,"woocommerce_single":false,"woocommerce_gallery_thumbnail":false,"shop_catalog":false,"shop_single":false,"shop_thumbnail":false},"uagb_author_info":{"display_name":"admin-wp-paa","author_link":"https:\/\/stangrecki.com.pl\/en\/author\/admin-wp-paa\/"},"uagb_comment_info":0,"uagb_excerpt":"2002-2004 \u2013 in collaboration with Andrzej Urbanowicz, Art Gallery in Katowice &#8211; Hotel Warszawa2005 \u00a0&#8211; An exhibition of his art jewellery organized in\u00a0\u00a0the Upper Silesian Museum in Bytom2019 \u2013 2021 \u00a0\u2013 \u2018Other Worlds\u2019 \u2013 an exhibition of his silver sculpture on show in Sopot, Krakow and Warsaw.\u00a02021 \u2013 2022 &#8211;\u00a0\u00a0He took part in the Amberif&hellip;","_links":{"self":[{"href":"https:\/\/stangrecki.com.pl\/en\/wp-json\/wp\/v2\/pages\/1291"}],"collection":[{"href":"https:\/\/stangrecki.com.pl\/en\/wp-json\/wp\/v2\/pages"}],"about":[{"href":"https:\/\/stangrecki.com.pl\/en\/wp-json\/wp\/v2\/types\/page"}],"author":[{"embeddable":true,"href":"https:\/\/stangrecki.com.pl\/en\/wp-json\/wp\/v2\/users\/1"}],"replies":[{"embeddable":true,"href":"https:\/\/stangrecki.com.pl\/en\/wp-json\/wp\/v2\/comments?post=1291"}],"version-history":[{"count":10,"href":"https:\/\/stangrecki.com.pl\/en\/wp-json\/wp\/v2\/pages\/1291\/revisions"}],"predecessor-version":[{"id":2934,"href":"https:\/\/stangrecki.com.pl\/en\/wp-json\/wp\/v2\/pages\/1291\/revisions\/2934"}],"up":[{"embeddable":true,"href":"https:\/\/stangrecki.com.pl\/en\/wp-json\/wp\/v2\/pages\/1236"}],"wp:attachment":[{"href":"https:\/\/stangrecki.com.pl\/en\/wp-json\/wp\/v2\/media?parent=1291"}],"curies":[{"name":"wp","href":"https:\/\/api.w.org\/{rel}","templated":true}]}}